{"id":190,"date":"2017-05-10T18:29:57","date_gmt":"2017-05-10T18:29:57","guid":{"rendered":"http:\/\/drg-rheologie.de\/?page_id=190"},"modified":"2023-12-13T15:44:41","modified_gmt":"2023-12-13T15:44:41","slug":"startseite","status":"publish","type":"page","link":"https:\/\/drg-rheologie.de\/","title":{"rendered":"DIE DEUTSCHE RHEOLOGISCHE GESELLSCHAFT"},"content":{"rendered":"\n<div style=\"height:0px\" aria-hidden=\"true\" class=\"wp-block-spacer\"><\/div>\n\n\n\n<p class=\"has-text-color\" style=\"color:#20728a\">Die Rheologie besch\u00e4ftigt sich mit dem Deformations- und Flie\u00dfverhalten von Materialien, insbesondere von viskoelastischen Materialien und anderen komplexen Fluiden. Dabei werden Stoffeigenschaften wie Flie\u00dff\u00e4higkeit, Viskosit\u00e4t, Elastizit\u00e4t und Plastizit\u00e4t im festen und im fl\u00fcssigen Zustand untersucht. Die Rheologie erm\u00f6glicht es, Materialien und ihre Eigenschaften grundlegend zu verstehen und zu optimieren, um sie f\u00fcr ihre verschiedenen Anwendungen zu nutzen. Dabei stellt die Modellierung des Materialverhaltens eine wichtige Aufgabe der Rheologie dar.<br><\/p>\n\n\n\n<p><strong>In zahlreichen Bereichen wie Materialwissenschaft, Chemischer und Lebensmittelindustrie, Pharmazie und Petrochemie findet die Rheologie Anwendungen. Durch experimentelle rheologische Untersuchungen werden Materialeigenschaften untersucht, die sowohl f\u00fcr die praktische Anwendung als auch f\u00fcr die Modellierung dienen. <\/strong><\/p>\n\n\n\n<figure class=\"wp-block-image size-large\"><img loading=\"lazy\" decoding=\"async\" width=\"1024\" height=\"315\" src=\"https:\/\/drg-rheologie.de\/wp-content\/uploads\/2023\/03\/Slider-4-1024x315.jpg\" alt=\"\" class=\"wp-image-1582\" srcset=\"https:\/\/drg-rheologie.de\/wp-content\/uploads\/2023\/03\/Slider-4-1024x315.jpg 1024w, https:\/\/drg-rheologie.de\/wp-content\/uploads\/2023\/03\/Slider-4-300x92.jpg 300w, https:\/\/drg-rheologie.de\/wp-content\/uploads\/2023\/03\/Slider-4-768x237.jpg 768w, https:\/\/drg-rheologie.de\/wp-content\/uploads\/2023\/03\/Slider-4.jpg 1474w\" sizes=\"auto, (max-width: 1024px) 100vw, 1024px\" \/><\/figure>\n\n\n\n<p><\/p>\n\n\n\n<p><strong>Zu den Aufgaben der Rheologie geh\u00f6ren insbesondere:<\/strong><\/p>\n\n\n\n<p class=\"has-background\" style=\"background:linear-gradient(272deg,rgb(238,238,238) 11%,rgba(44,157,191,0.34) 89%)\"><strong>Die theoretische Beschreibung des Flie\u00dfverhaltens von Materialien<\/strong><\/p>\n\n\n\n<p class=\"has-background\" style=\"background:linear-gradient(272deg,rgb(238,238,238) 11%,rgba(44,156,190,0.34) 87%)\"><strong>Die Identifizierung und Bestimmung der f\u00fcr Herstellung, Verarbeitung oder&nbsp;Applikation eines Stoffs relevanten Flie\u00dfeigenschaften und die Entwicklung hierf\u00fcr&nbsp;geeigneter Messmethoden<\/strong><\/p>\n","protected":false},"excerpt":{"rendered":"<p>Die Rheologie besch\u00e4ftigt sich mit dem Deformations- und Flie\u00dfverhalten von Materialien, insbesondere von viskoelastischen Materialien und anderen komplexen Fluiden. Dabei werden Stoffeigenschaften wie Flie\u00dff\u00e4higkeit, Viskosit\u00e4t, Elastizit\u00e4t und Plastizit\u00e4t im festen und im fl\u00fcssigen Zustand untersucht. Die Rheologie erm\u00f6glicht es, Materialien und ihre Eigenschaften grundlegend zu verstehen und zu optimieren, um sie f\u00fcr ihre verschiedenen Anwendungen [&hellip;]<\/p>\n","protected":false},"author":1,"featured_media":1418,"parent":0,"menu_order":1,"comment_status":"closed","ping_status":"closed","template":"","meta":{"footnotes":""},"class_list":["post-190","page","type-page","status-publish","has-post-thumbnail","hentry"],"_links":{"self":[{"href":"https:\/\/drg-rheologie.de\/wp-json\/wp\/v2\/pages\/190","targetHints":{"allow":["GET"]}}],"collection":[{"href":"https:\/\/drg-rheologie.de\/wp-json\/wp\/v2\/pages"}],"about":[{"href":"https:\/\/drg-rheologie.de\/wp-json\/wp\/v2\/types\/page"}],"author":[{"embeddable":true,"href":"https:\/\/drg-rheologie.de\/wp-json\/wp\/v2\/users\/1"}],"replies":[{"embeddable":true,"href":"https:\/\/drg-rheologie.de\/wp-json\/wp\/v2\/comments?post=190"}],"version-history":[{"count":130,"href":"https:\/\/drg-rheologie.de\/wp-json\/wp\/v2\/pages\/190\/revisions"}],"predecessor-version":[{"id":1807,"href":"https:\/\/drg-rheologie.de\/wp-json\/wp\/v2\/pages\/190\/revisions\/1807"}],"wp:featuredmedia":[{"embeddable":true,"href":"https:\/\/drg-rheologie.de\/wp-json\/wp\/v2\/media\/1418"}],"wp:attachment":[{"href":"https:\/\/drg-rheologie.de\/wp-json\/wp\/v2\/media?parent=190"}],"curies":[{"name":"wp","href":"https:\/\/api.w.org\/{rel}","templated":true}]}}